{"id":1981,"date":"2024-05-28T14:46:28","date_gmt":"2024-05-28T13:46:28","guid":{"rendered":"https:\/\/skadarlake-oldbridge.com\/o-nama\/"},"modified":"2024-06-01T21:22:44","modified_gmt":"2024-06-01T20:22:44","slug":"o-nama","status":"publish","type":"page","link":"https:\/\/skadarlake-oldbridge.com\/me\/o-nama\/","title":{"rendered":"O nama"},"content":{"rendered":"\t\t<div data-elementor-type=\"wp-page\" data-elementor-id=\"1981\" class=\"elementor elementor-1981 elementor-1537\" data-elementor-post-type=\"page\">\n\t\t\t\t<div class=\"elementor-element elementor-element-4e97482 e-flex e-con-boxed e-con e-parent\" data-id=\"4e97482\" data-element_type=\"container\" data-settings=\"{&quot;jet_parallax_layout_list&quot;:[]}\">\n\t\t\t\t\t<div class=\"e-con-inner\">\n\t\t\t\t<div class=\"elementor-element elementor-element-7f865ad elementor-widget elementor-widget-text-editor\" data-id=\"7f865ad\" data-element_type=\"widget\" data-widget_type=\"text-editor.default\">\n\t\t\t\t<div class=\"elementor-widget-container\">\n\t\t\t<style>\/*! elementor - v3.23.0 - 15-07-2024 *\/\n.elementor-widget-text-editor.elementor-drop-cap-view-stacked .elementor-drop-cap{background-color:#69727d;color:#fff}.elementor-widget-text-editor.elementor-drop-cap-view-framed .elementor-drop-cap{color:#69727d;border:3px solid;background-color:transparent}.elementor-widget-text-editor:not(.elementor-drop-cap-view-default) .elementor-drop-cap{margin-top:8px}.elementor-widget-text-editor:not(.elementor-drop-cap-view-default) .elementor-drop-cap-letter{width:1em;height:1em}.elementor-widget-text-editor .elementor-drop-cap{float:left;text-align:center;line-height:1;font-size:50px}.elementor-widget-text-editor .elementor-drop-cap-letter{display:inline-block}<\/style>\t\t\t\t<p>Old Bridge je porodi\u010dna kompanija iz Virpazara koja se ve\u0107 vi\u0161e generacija uspe\u0161no bavi radom na Skadarskom jezeru, posebno ribolovom. Na\u0161a tradicija se\u017ee unazad nekoliko generacija, \u0161to nas \u010dini stru\u010dnjacima u ovoj oblasti. Od 2016. godine Old Bridge uspe\u0161no pru\u017ea usluge prevoza putnika po Skadarskom jezeru i iznajmljivanja kajaka. Za turisti\u010dku sezonu pripremili smo bogatu ponudu krstarenja kako za grupe, tako i za individualne aran\u017emane.<\/p>\n\t\t\t\t\t\t<\/div>\n\t\t\t\t<\/div>\n\t\t\t\t<div class=\"elementor-element elementor-element-e636200 elementor-widget elementor-widget-heading\" data-id=\"e636200\" data-element_type=\"widget\" data-widget_type=\"heading.default\">\n\t\t\t\t<div class=\"elementor-widget-container\">\n\t\t\t<style>\/*! elementor - v3.23.0 - 15-07-2024 *\/\n.elementor-heading-title{padding:0;margin:0;line-height:1}.elementor-widget-heading .elementor-heading-title[class*=elementor-size-]>a{color:inherit;font-size:inherit;line-height:inherit}.elementor-widget-heading .elementor-heading-title.elementor-size-small{font-size:15px}.elementor-widget-heading .elementor-heading-title.elementor-size-medium{font-size:19px}.elementor-widget-heading .elementor-heading-title.elementor-size-large{font-size:29px}.elementor-widget-heading .elementor-heading-title.elementor-size-xl{font-size:39px}.elementor-widget-heading .elementor-heading-title.elementor-size-xxl{font-size:59px}<\/style><h4 class=\"elementor-heading-title elementor-size-default\">Na\u0161a flota turisti\u010dkih brodova obuhvata:<\/h4>\t\t<\/div>\n\t\t\t\t<\/div>\n\t\t\t\t<div class=\"elementor-element elementor-element-da30b5a elementor-list-item-link-inline elementor-icon-list--layout-traditional elementor-widget elementor-widget-icon-list\" data-id=\"da30b5a\" data-element_type=\"widget\" data-widget_type=\"icon-list.default\">\n\t\t\t\t<div class=\"elementor-widget-container\">\n\t\t\t<link rel=\"stylesheet\" href=\"https:\/\/skadarlake-oldbridge.com\/wp-content\/plugins\/elementor\/assets\/css\/widget-icon-list.min.css\">\t\t<ul class=\"elementor-icon-list-items\">\n\t\t\t\t\t\t\t<li class=\"elementor-icon-list-item\">\n\t\t\t\t\t\t\t\t\t\t\t<span class=\"elementor-icon-list-icon\">\n\t\t\t\t\t\t\t<svg xmlns=\"http:\/\/www.w3.org\/2000\/svg\" viewBox=\"0 0 512 512\"><path d=\"M243.8 339.8C232.9 350.7 215.1 350.7 204.2 339.8L140.2 275.8C129.3 264.9 129.3 247.1 140.2 236.2C151.1 225.3 168.9 225.3 179.8 236.2L224 280.4L332.2 172.2C343.1 161.3 360.9 161.3 371.8 172.2C382.7 183.1 382.7 200.9 371.8 211.8L243.8 339.8zM512 256C512 397.4 397.4 512 256 512C114.6 512 0 397.4 0 256C0 114.6 114.6 0 256 0C397.4 0 512 114.6 512 256zM256 48C141.1 48 48 141.1 48 256C48 370.9 141.1 464 256 464C370.9 464 464 370.9 464 256C464 141.1 370.9 48 256 48z\"><\/path><\/svg>\t\t\t\t\t\t<\/span>\n\t\t\t\t\t\t\t\t\t\t<span class=\"elementor-icon-list-text\">1 tradicionalni drveni \u010damac koji mo\u017ee primiti do 14 osoba<\/span>\n\t\t\t\t\t\t\t\t\t<\/li>\n\t\t\t\t\t\t\t\t<li class=\"elementor-icon-list-item\">\n\t\t\t\t\t\t\t\t\t\t\t<span class=\"elementor-icon-list-icon\">\n\t\t\t\t\t\t\t<svg xmlns=\"http:\/\/www.w3.org\/2000\/svg\" viewBox=\"0 0 512 512\"><path d=\"M243.8 339.8C232.9 350.7 215.1 350.7 204.2 339.8L140.2 275.8C129.3 264.9 129.3 247.1 140.2 236.2C151.1 225.3 168.9 225.3 179.8 236.2L224 280.4L332.2 172.2C343.1 161.3 360.9 161.3 371.8 172.2C382.7 183.1 382.7 200.9 371.8 211.8L243.8 339.8zM512 256C512 397.4 397.4 512 256 512C114.6 512 0 397.4 0 256C0 114.6 114.6 0 256 0C397.4 0 512 114.6 512 256zM256 48C141.1 48 48 141.1 48 256C48 370.9 141.1 464 256 464C370.9 464 464 370.9 464 256C464 141.1 370.9 48 256 48z\"><\/path><\/svg>\t\t\t\t\t\t<\/span>\n\t\t\t\t\t\t\t\t\t\t<span class=\"elementor-icon-list-text\">1 limeni brod koji mo\u017ee primiti do 14 osoba<\/span>\n\t\t\t\t\t\t\t\t\t<\/li>\n\t\t\t\t\t\t\t\t<li class=\"elementor-icon-list-item\">\n\t\t\t\t\t\t\t\t\t\t\t<span class=\"elementor-icon-list-icon\">\n\t\t\t\t\t\t\t<svg xmlns=\"http:\/\/www.w3.org\/2000\/svg\" viewBox=\"0 0 512 512\"><path d=\"M243.8 339.8C232.9 350.7 215.1 350.7 204.2 339.8L140.2 275.8C129.3 264.9 129.3 247.1 140.2 236.2C151.1 225.3 168.9 225.3 179.8 236.2L224 280.4L332.2 172.2C343.1 161.3 360.9 161.3 371.8 172.2C382.7 183.1 382.7 200.9 371.8 211.8L243.8 339.8zM512 256C512 397.4 397.4 512 256 512C114.6 512 0 397.4 0 256C0 114.6 114.6 0 256 0C397.4 0 512 114.6 512 256zM256 48C141.1 48 48 141.1 48 256C48 370.9 141.1 464 256 464C370.9 464 464 370.9 464 256C464 141.1 370.9 48 256 48z\"><\/path><\/svg>\t\t\t\t\t\t<\/span>\n\t\t\t\t\t\t\t\t\t\t<span class=\"elementor-icon-list-text\">5 dvoseda kajaka<\/span>\n\t\t\t\t\t\t\t\t\t<\/li>\n\t\t\t\t\t\t\t\t<li class=\"elementor-icon-list-item\">\n\t\t\t\t\t\t\t\t\t\t\t<span class=\"elementor-icon-list-icon\">\n\t\t\t\t\t\t\t<svg xmlns=\"http:\/\/www.w3.org\/2000\/svg\" viewBox=\"0 0 512 512\"><path d=\"M243.8 339.8C232.9 350.7 215.1 350.7 204.2 339.8L140.2 275.8C129.3 264.9 129.3 247.1 140.2 236.2C151.1 225.3 168.9 225.3 179.8 236.2L224 280.4L332.2 172.2C343.1 161.3 360.9 161.3 371.8 172.2C382.7 183.1 382.7 200.9 371.8 211.8L243.8 339.8zM512 256C512 397.4 397.4 512 256 512C114.6 512 0 397.4 0 256C0 114.6 114.6 0 256 0C397.4 0 512 114.6 512 256zM256 48C141.1 48 48 141.1 48 256C48 370.9 141.1 464 256 464C370.9 464 464 370.9 464 256C464 141.1 370.9 48 256 48z\"><\/path><\/svg>\t\t\t\t\t\t<\/span>\n\t\t\t\t\t\t\t\t\t\t<span class=\"elementor-icon-list-text\">1 jednosed<\/span>\n\t\t\t\t\t\t\t\t\t<\/li>\n\t\t\t\t\t\t<\/ul>\n\t\t\t\t<\/div>\n\t\t\t\t<\/div>\n\t\t\t\t<div class=\"elementor-element elementor-element-2d9e83c elementor-widget elementor-widget-text-editor\" data-id=\"2d9e83c\" data-element_type=\"widget\" data-widget_type=\"text-editor.default\">\n\t\t\t\t<div class=\"elementor-widget-container\">\n\t\t\t\t\t\t\t<p>Svi na\u0161i brodovi poseduju sve potrebne licence, dozvole i opremu za sigurnu plovidbu. Tako\u0111e, zbog na\u0161e porodi\u010dne tradicije ribolova, posedujemo i riblji restoran na samoj obali jezera, sa predivnim pogledom na Skadarsko jezero. U okviru ture mo\u017eemo uklju\u010diti i ru\u010dak na ovoj lokaciji, \u0161to \u0107e va\u0161e iskustvo u\u010diniti jo\u0161 jedinstvenijim.<\/p>\n<p>Skadarsko jezero je bogato prirodnim lepotama, a mi smo tu da vam predlo\u017eimo najlep\u0161e ture prema na\u0161em mi\u0161ljenju i prema va\u0161im \u017eeljama. Sve na\u0161e ture po\u010dinju iz Virpazara, \u0161armantnog gradi\u0107a koji je nastao u 19. veku. Dobio je ime po viru, gde su me\u0161tani \u010damcem dolazili do pijace, tj. mesta gde su prodavali svoje doma\u0107e proizvode. Virpazar se nalazi na polovini magistralnog puta izme\u0111u Podgorice i Bara, na delti reke Crmnice i Orahov\u0161tice, a iznad njega se uzdi\u017ee srednjovekovna tvr\u0111ava Besac.<\/p>\n\t\t\t\t\t\t<\/div>\n\t\t\t\t<\/div>\n\t\t\t\t\t<\/div>\n\t\t\t\t<\/div>\n\t\t\t\t<\/div>\n\t\t","protected":false},"excerpt":{"rendered":"<p>Old Bridge je porodi\u010dna kompanija iz Virpazara koja se ve\u0107 vi\u0161e generacija uspe\u0161no bavi radom na Skadarskom jezeru, posebno ribolovom. Na\u0161a tradicija se\u017ee unazad nekoliko generacija, \u0161to nas \u010dini stru\u010dnjacima u ovoj oblasti. Od 2016. godine Old Bridge uspe\u0161no pru\u017ea usluge prevoza putnika po Skadarskom jezeru i iznajmljivanja kajaka. Za turisti\u010dku sezonu pripremili smo bogatu [&hellip;]<\/p>\n","protected":false},"author":2,"featured_media":0,"parent":0,"menu_order":0,"comment_status":"closed","ping_status":"closed","template":"","meta":{"_seopress_robots_primary_cat":"","_seopress_titles_title":"","_seopress_titles_desc":"","_seopress_robots_index":"","footnotes":""},"class_list":["post-1981","page","type-page","status-publish","hentry"],"_links":{"self":[{"href":"https:\/\/skadarlake-oldbridge.com\/me\/wp-json\/wp\/v2\/pages\/1981","targetHints":{"allow":["GET"]}}],"collection":[{"href":"https:\/\/skadarlake-oldbridge.com\/me\/wp-json\/wp\/v2\/pages"}],"about":[{"href":"https:\/\/skadarlake-oldbridge.com\/me\/wp-json\/wp\/v2\/types\/page"}],"author":[{"embeddable":true,"href":"https:\/\/skadarlake-oldbridge.com\/me\/wp-json\/wp\/v2\/users\/2"}],"replies":[{"embeddable":true,"href":"https:\/\/skadarlake-oldbridge.com\/me\/wp-json\/wp\/v2\/comments?post=1981"}],"version-history":[{"count":0,"href":"https:\/\/skadarlake-oldbridge.com\/me\/wp-json\/wp\/v2\/pages\/1981\/revisions"}],"wp:attachment":[{"href":"https:\/\/skadarlake-oldbridge.com\/me\/wp-json\/wp\/v2\/media?parent=1981"}],"curies":[{"name":"wp","href":"https:\/\/api.w.org\/{rel}","templated":true}]}}